{"id":18073,"date":"2017-05-19T02:31:09","date_gmt":"2017-05-18T21:31:09","guid":{"rendered":"https:\/\/www.neharada.az\/sertler-ve-qaydalar\/"},"modified":"2021-08-19T01:04:14","modified_gmt":"2021-08-18T21:04:14","slug":"sertler-ve-qaydalar","status":"publish","type":"page","link":"https:\/\/www.neharada.az\/ru\/sertler-ve-qaydalar\/","title":{"rendered":"\u015e\u0259rtl\u0259r v\u0259 Qaydalar"},"content":{"rendered":"<h1><strong>\u015e\u0259rtl\u0259r v\u0259 Qaydalar<\/strong><\/h1>\n<p>NeHarada \u2013ya \u00a0xo\u015f g\u0259lmisiz!<\/p>\n<p>Bu r\u0259smi \u015f\u0259rtl\u0259r sizin NeHarada platformas\u0131nda (app v\u0259 ya sayt, bundan sonra NeHarada adland\u0131r\u0131lacaq) t\u0259klif edil\u0259n xidm\u0259tl\u0259rd\u0259n istifad\u0259 etm\u0259nizi t\u0259nziml\u0259y\u0259c\u0259k.<\/p>\n<h4><strong>NeHarada \u00fczr\u0259 kim m\u0259suliyy\u0259t da\u015f\u0131y\u0131r?<\/strong><\/h4>\n<p>Bu platformada yerl\u0259\u015fdiril\u0259c\u0259k b\u00fct\u00fcn m\u0259lumatlar \u00fczr\u0259 m\u0259suliyy\u0259t m\u0259lumat sahibl\u0259rinin v\u0259 ya yerl\u0259\u015fdir\u0259nin \u00f6hd\u0259liyind\u0259dir. Yerl\u0259\u015fdiril\u0259n m\u0259lumatlar \u00fczr\u0259 NeHarada he\u00e7 bir m\u0259suliyy\u0259t da\u015f\u0131m\u0131r.<\/p>\n<p>&nbsp;<\/p>\n<h4><strong>Bu \u015f\u0259rtl\u0259r n\u0259 vaxt q\u00fcvv\u0259y\u0259 minir?<\/strong><\/h4>\n<p>Bu \u015f\u0259rtl\u0259r NeHarada-dan istifad\u0259 istifad\u0259 etm\u0259k ist\u0259y\u0259nl\u0259r q\u0259bul etmi\u015f say\u0131l\u0131r. t\u0259tbiq edilir. Sayt\u0131n b\u0259zi hiss\u0259l\u0259ri v\u0259 ya g\u00f6st\u0259ril\u0259n h\u0259r hans\u0131 kampaniya \u00fc\u00e7\u00fcn ayr\u0131ca \u015f\u0259rtl\u0259r t\u0259tbiq edil\u0259 bil\u0259r.<\/p>\n<p>&nbsp;<\/p>\n<h4><strong>NeHarada istifad\u0259si<\/strong><\/h4>\n<ul>\n<li>NeHarada m\u0259lumat almaq, naviqasiya istifad\u0259 etm\u0259k \u00f6d\u0259ni\u015fsizdir.<\/li>\n<li>G\u00fcz\u0259\u015ft t\u0259klif ed\u0259n m\u0259kanlar\u0131n m\u0259lumatlar\u0131 sosial \u015f\u0259b\u0259k\u0259d\u0259 payla\u015faraq xidm\u0259tl\u0259rd\u0259n g\u00fcz\u0259\u015ft \u0259ld\u0259 ed\u0259 bil\u0259rsiniz. (Bu m\u0259suliyy\u0259t tamam\u0259n m\u0259kan sahibi il\u0259 istifad\u0259\u00e7i aras\u0131ndad\u0131r. Xo\u015fa g\u0259lm\u0259z hallar olarsa daxil olunan \u015fikay\u0259tl\u0259r \u00fczr\u0259 m\u0259kan uzaqla\u015fd\u0131r\u0131la bil\u0259r)<\/li>\n<li>NeHarada-da intellektual prinsipl\u0259rini pozan v\u0259 ya dig\u0259r istifad\u0259\u00e7il\u0259ri narahat ed\u0259n xidm\u0259t v\u0259 ya m\u0259tnl\u0259rd\u0259n istifad\u0259 oluna bilm\u0259z.<\/li>\n<li>Portal\u0131n m\u0259zmunu v\u0259 el\u0259c\u0259 d\u0259, \u00fc\u00e7\u00fcnc\u00fc t\u0259r\u0259fl\u0259rin t\u0259qdim etdiyi m\u0259zmunlardan istifad\u0259 icaz\u0259y\u0259 tabe tutulur.<\/li>\n<li>NeHarada-da qeydiyyatdan ke\u00e7\u0259r\u0259k, q\u0259bul edirsiniz ki, yaln\u0131z bu \u015f\u0259rtl\u0259r v\u0259 qaydalar \u00e7\u0259r\u00e7iv\u0259sind\u0259 istifad\u0259 ed\u0259c\u0259ksiniz. H\u0259m\u00e7inin zaman-zaman b\u0259zi m\u0259hsul v\u0259 xidm\u0259tl\u0259rd\u0259n istifad\u0259 etm\u0259k \u00fc\u00e7\u00fcn \u00fc\u00e7\u00fcnc\u00fc t\u0259r\u0259fin qayda v\u0259 \u015f\u0259rtl\u0259rin\u0259 \u0259m\u0259l ed\u0259c\u0259yinizl\u0259 raz\u0131la\u015f\u0131rs\u0131n\u0131z.<\/li>\n<li>Qeydiyyatdan ke\u00e7\u0259nl\u0259r \u015fifr\u0259 v\u0259 dig\u0259r \u015f\u0259xsi m\u0259lumatlar\u0131n\u0131 ba\u015fqa \u015f\u0259xsl\u0259rl\u0259 payla\u015fmamal\u0131d\u0131rlar.<\/li>\n<li>NeHarada, n\u0259zar\u0259ti xaricind\u0259 olan h\u0259r hans\u0131 m\u0259s\u0259l\u0259y\u0259 cavabdeh deyil.<\/li>\n<li>NeHarada ist\u0259nil\u0259n vaxt d\u0259yi\u015fiklikl\u0259r ed\u0259 v\u0259 ya h\u0259r hans\u0131 s\u0259b\u0259bd\u0259n, o c\u00fcml\u0259d\u0259n bizim istifad\u0259 qaydalar\u0131m\u0131z\u0131 pozan istifad\u0259\u00e7il\u0259rin hesab\u0131n\u0131 sil\u0259 bil\u0259r.<\/li>\n<\/ul>\n<h4>M\u0259kan yerl\u0259\u015fdirm\u0259k<\/h4>\n<p>NeHarada-da m\u0259kan yerl\u0259\u015fdirm\u0259k qeydiyyatdan ke\u00e7dikd\u0259n sonra h\u0259m\u00a0pulsuz, h\u0259m d\u0259 pullu xidm\u0259tl\u0259r olaraq m\u00fcmk\u00fcnd\u00fcr.<\/p>\n<h4><strong>Yenil\u0259nmi\u015f qaydalar<\/strong><\/h4>\n<p>\u018fg\u0259r qayda v\u0259 \u015f\u0259rtl\u0259rd\u0259 yeniliy\u0259 etiyac olsa, bununla ba\u011fl\u0131 yenil\u0259nm\u0259 olacaqd\u0131r.<\/p>\n","protected":false},"excerpt":{"rendered":"<p>\u015e\u0259rtl\u0259r v\u0259 Qaydalar NeHarada \u2013ya \u00a0xo\u015f g\u0259lmisiz! Bu r\u0259smi \u015f\u0259rtl\u0259r sizin NeHarada platformas\u0131nda (app v\u0259 ya sayt, bundan sonra NeHarada [&hellip;]<\/p>\n","protected":false},"author":1,"featured_media":0,"parent":0,"menu_order":0,"comment_status":"closed","ping_status":"closed","template":"","meta":{"_bos_mb_destination":[],"footnotes":""},"class_list":["post-18073","page","type-page","status-publish","hentry"],"_links":{"self":[{"href":"https:\/\/www.neharada.az\/ru\/wp-json\/wp\/v2\/pages\/18073","targetHints":{"allow":["GET"]}}],"collection":[{"href":"https:\/\/www.neharada.az\/ru\/wp-json\/wp\/v2\/pages"}],"about":[{"href":"https:\/\/www.neharada.az\/ru\/wp-json\/wp\/v2\/types\/page"}],"author":[{"embeddable":true,"href":"https:\/\/www.neharada.az\/ru\/wp-json\/wp\/v2\/users\/1"}],"replies":[{"embeddable":true,"href":"https:\/\/www.neharada.az\/ru\/wp-json\/wp\/v2\/comments?post=18073"}],"version-history":[{"count":0,"href":"https:\/\/www.neharada.az\/ru\/wp-json\/wp\/v2\/pages\/18073\/revisions"}],"wp:attachment":[{"href":"https:\/\/www.neharada.az\/ru\/wp-json\/wp\/v2\/media?parent=18073"}],"curies":[{"name":"wp","href":"https:\/\/api.w.org\/{rel}","templated":true}]}}