{"id":18070,"date":"2017-09-27T15:37:23","date_gmt":"2017-09-27T11:37:23","guid":{"rendered":"https:\/\/www.neharada.az\/reklam\/"},"modified":"2021-08-19T01:04:12","modified_gmt":"2021-08-18T21:04:12","slug":"reklam","status":"publish","type":"page","link":"https:\/\/www.neharada.az\/ru\/reklam\/","title":{"rendered":"Reklam"},"content":{"rendered":"<div class=\"wpb-content-wrapper\"><p>[vc_row][vc_column][vc_column_text]<iframe loading=\"lazy\" src=\"https:\/\/www.youtube.com\/embed\/XyPWf7cfIOM?rel=0&amp;showinfo=0\" width=\"800\" height=\"450\" frameborder=\"0\" allowfullscreen=\"allowfullscreen\"><span data-mce-type=\"bookmark\" style=\"display: inline-block; width: 0px; overflow: hidden; line-height: 0;\" class=\"mce_SELRES_start\">\ufeff<\/span><\/iframe>[\/vc_column_text][\/vc_column][\/vc_row][vc_row][vc_column width=&#187;1\/2&#8243;][vc_column_text]<\/p>\n<div class=\"column one-third\">\n<div class=\"the_content\">\n<h3><img decoding=\"async\" class=\"alignnone size-full wp-image-1837\" src=\"https:\/\/www.neharada.az\/wp-content\/uploads\/2016\/02\/contact_icon.png\" alt=\"contact\" \/><\/h3>\n<p><strong><span style=\"font-size: 20px;\">(+99450)<\/span> <span style=\"font-size: 32px;\">247 34 27<\/span><\/strong><\/p>\n<p><strong>NeHarada.az il\u0259 \u0259laq\u0259li h\u0259r hans\u0131 sual, ist\u0259k v\u0259 ya t\u0259klif il\u0259 \u0259laq\u0259li olaraq biziml\u0259 \u0259laq\u0259 saxlaya bil\u0259rsiniz.<\/strong><\/p>\n<p>Xahi\u015f olunur \u0259laq\u0259 formas\u0131n\u0131 tam v\u0259 \u0259skiksiz dolduras\u0131n\u0131z.<\/p>\n<p>\u018fn gec 24 saat i\u00e7ind\u0259 Sizinl\u0259 \u0259laq\u0259 saxlan\u0131lacaqd\u0131r.<\/p>\n<\/div>\n<\/div>\n<p>[\/vc_column_text][vc_column_text]<\/p>\n<h3>NeHarada.az sayt\u0131nda Reklam ver\u0259r\u0259k daha geni\u015f k\u00fctl\u0259y\u0259 xitab ed\u0259 bil\u0259rsiniz. Siz\u0259 geni\u015f \u00e7e\u015fidli xidm\u0259t t\u0259klif edirik.<\/h3>\n<ul>\n<li>\n<h3>&#8212; Sayta m\u0259lumatlar\u0131n dol\u011fun \u0259lav\u0259 edilm\u0259si,<\/h3>\n<\/li>\n<li>\n<h3>&#8212; Xidm\u0259tinizd\u0259n g\u00fcz\u0259\u015ft ver\u0259r\u0259k daha \u00e7ox k\u00fctl\u0259y\u0259 elan edilm\u0259si,<\/h3>\n<\/li>\n<li>\n<h3>&#8212; Banner reklam\u0131,<\/h3>\n<\/li>\n<li>\n<h3>&#8212; Siz\u0259 m\u0259xsus kampaniyan\u0131n t\u0259\u015fkili,<\/h3>\n<\/li>\n<li>\n<h3>&#8212; M\u0259kan\u0131n\u0131z\u0131 \u00f6n s\u0131ralarda \u00e7\u0131xarma (Se\u00e7ilmi\u015f m\u0259kan),<\/h3>\n<\/li>\n<li>\n<h3>&#8212; Video t\u0259qdimat\u0131n \u00e7\u0259kilm\u0259si v\u0259 montaj\u0131.<\/h3>\n<\/li>\n<\/ul>\n<p>[\/vc_column_text][\/vc_column][vc_column width=&#187;1\/2&#8243;][vc_text_separator title=&#187;\u018fLAQ\u018f FORMU&#187; color=&#187;turquoise&#187;]\n<div class=\"wpcf7 no-js\" id=\"wpcf7-f1821-o1\" lang=\"az\" dir=\"ltr\" data-wpcf7-id=\"1821\">\n<div class=\"screen-reader-response\"><p role=\"status\" aria-live=\"polite\" aria-atomic=\"true\"><\/p> <ul><\/ul><\/div>\n<form action=\"\/ru\/wp-json\/wp\/v2\/pages\/18070#wpcf7-f1821-o1\" method=\"post\" class=\"wpcf7-form init\" aria-label=\"Contact form\" novalidate=\"novalidate\" data-status=\"init\">\n<fieldset class=\"hidden-fields-container\"><input type=\"hidden\" name=\"_wpcf7\" value=\"1821\" \/><input type=\"hidden\" name=\"_wpcf7_version\" value=\"6.1.5\" \/><input type=\"hidden\" name=\"_wpcf7_locale\" value=\"az\" \/><input type=\"hidden\" name=\"_wpcf7_unit_tag\" value=\"wpcf7-f1821-o1\" \/><input type=\"hidden\" name=\"_wpcf7_container_post\" value=\"0\" \/><input type=\"hidden\" name=\"_wpcf7_posted_data_hash\" value=\"\" \/><input type=\"hidden\" name=\"_wpcf7_recaptcha_response\" value=\"\" \/>\n<\/fieldset>\n<p>Ad v\u0259 Soyad\n<\/p>\n<p><span class=\"wpcf7-form-control-wrap\" data-name=\"your-name\"><input size=\"40\" maxlength=\"400\" class=\"wpcf7-form-control wpcf7-text wpcf7-validates-as-required\" aria-required=\"true\" aria-invalid=\"false\" value=\"\" type=\"text\" name=\"your-name\" \/><\/span>\n<\/p>\n<p>Email\n<\/p>\n<p><span class=\"wpcf7-form-control-wrap\" data-name=\"your-email\"><input size=\"40\" maxlength=\"400\" class=\"wpcf7-form-control wpcf7-email wpcf7-validates-as-required wpcf7-text wpcf7-validates-as-email\" aria-required=\"true\" aria-invalid=\"false\" value=\"\" type=\"email\" name=\"your-email\" \/><\/span>\n<\/p>\n<p>Telefon\n<\/p>\n<p><span class=\"wpcf7-form-control-wrap\" data-name=\"telefon\"><input size=\"40\" maxlength=\"400\" class=\"wpcf7-form-control wpcf7-tel wpcf7-validates-as-required wpcf7-text wpcf7-validates-as-tel\" aria-required=\"true\" aria-invalid=\"false\" value=\"+994\" type=\"tel\" name=\"telefon\" \/><\/span>\n<\/p>\n<p>M\u00f6vzu : <span class=\"wpcf7-form-control-wrap\" data-name=\"movzu\"><select class=\"wpcf7-form-control wpcf7-select wpcf7-validates-as-required\" aria-required=\"true\" aria-invalid=\"false\" name=\"movzu\"><option value=\"\">&#8212;Please choose an option&#8212;<\/option><option value=\"T\u0259klifim var\">T\u0259klifim var<\/option><option value=\"\u015eikay\u0259tim var\">\u015eikay\u0259tim var<\/option><option value=\"Reklam verm\u0259k ist\u0259yir\u0259m\">Reklam verm\u0259k ist\u0259yir\u0259m<\/option><option value=\"\u00dcmumi\">\u00dcmumi<\/option><\/select><\/span>\n<\/p>\n<p>Mesaj\n<\/p>\n<p><span class=\"wpcf7-form-control-wrap\" data-name=\"your-message\"><textarea cols=\"40\" rows=\"10\" maxlength=\"2000\" class=\"wpcf7-form-control wpcf7-textarea wpcf7-validates-as-required\" aria-required=\"true\" aria-invalid=\"false\" name=\"your-message\"><\/textarea><\/span>\n<\/p>\n<p style=\"float:left;\"><input class=\"wpcf7-form-control wpcf7-submit has-spinner\" type=\"submit\" value=\"G\u00f6nd\u0259r\" \/>\n<\/p>\n<p><span style=\"font-size:12px;\">Qeyd: B\u00fct\u00fcn sah\u0259l\u0259ri doldurmaq m\u0259cburidir.<\/span>\n<\/p><p style=\"display: none !important;\" class=\"akismet-fields-container\" data-prefix=\"_wpcf7_ak_\"><label>&#916;<textarea name=\"_wpcf7_ak_hp_textarea\" cols=\"45\" rows=\"8\" maxlength=\"100\"><\/textarea><\/label><input type=\"hidden\" id=\"ak_js_1\" name=\"_wpcf7_ak_js\" value=\"222\"\/><script type=\"text\/javascript\">\n\/* <![CDATA[ *\/\ndocument.getElementById( \"ak_js_1\" ).setAttribute( \"value\", ( new Date() ).getTime() );\n\/* ]]> *\/\n<\/script>\n<\/p><div class=\"wpcf7-response-output\" aria-hidden=\"true\"><\/div>\n<\/form>\n<\/div>\n[\/vc_column][\/vc_row]<\/p>\n<\/div>","protected":false},"excerpt":{"rendered":"<p>[vc_row][vc_column][vc_column_text]\ufeff[\/vc_column_text][\/vc_column][\/vc_row][vc_row][vc_column width=&#187;1\/2&#8243;][vc_column_text] (+99450) 247 34 27 NeHarada.az il\u0259 \u0259laq\u0259li h\u0259r hans\u0131 sual, ist\u0259k v\u0259 ya t\u0259klif il\u0259 \u0259laq\u0259li olaraq biziml\u0259 [&hellip;]<\/p>\n","protected":false},"author":1,"featured_media":0,"parent":0,"menu_order":0,"comment_status":"closed","ping_status":"closed","template":"","meta":{"_bos_mb_destination":[],"footnotes":""},"class_list":["post-18070","page","type-page","status-publish","hentry"],"_links":{"self":[{"href":"https:\/\/www.neharada.az\/ru\/wp-json\/wp\/v2\/pages\/18070","targetHints":{"allow":["GET"]}}],"collection":[{"href":"https:\/\/www.neharada.az\/ru\/wp-json\/wp\/v2\/pages"}],"about":[{"href":"https:\/\/www.neharada.az\/ru\/wp-json\/wp\/v2\/types\/page"}],"author":[{"embeddable":true,"href":"https:\/\/www.neharada.az\/ru\/wp-json\/wp\/v2\/users\/1"}],"replies":[{"embeddable":true,"href":"https:\/\/www.neharada.az\/ru\/wp-json\/wp\/v2\/comments?post=18070"}],"version-history":[{"count":0,"href":"https:\/\/www.neharada.az\/ru\/wp-json\/wp\/v2\/pages\/18070\/revisions"}],"wp:attachment":[{"href":"https:\/\/www.neharada.az\/ru\/wp-json\/wp\/v2\/media?parent=18070"}],"curies":[{"name":"wp","href":"https:\/\/api.w.org\/{rel}","templated":true}]}}