{"id":18060,"date":"2017-10-03T19:36:27","date_gmt":"2017-10-03T15:36:27","guid":{"rendered":"https:\/\/www.neharada.az\/search-location\/"},"modified":"2021-08-19T01:04:11","modified_gmt":"2021-08-18T21:04:11","slug":"search-location","status":"publish","type":"page","link":"https:\/\/www.neharada.az\/ru\/search-location\/","title":{"rendered":"M\u0259kan axtar\u0131\u015f\u0131"},"content":{"rendered":"<p>Please fill out the form below <\/p>\n","protected":false},"excerpt":{"rendered":"<p>Please fill out the form below<\/p>\n","protected":false},"author":1,"featured_media":0,"parent":0,"menu_order":0,"comment_status":"closed","ping_status":"closed","template":"page-search-location.php","meta":{"_bos_mb_destination":[],"footnotes":""},"class_list":["post-18060","page","type-page","status-publish","hentry"],"_links":{"self":[{"href":"https:\/\/www.neharada.az\/ru\/wp-json\/wp\/v2\/pages\/18060","targetHints":{"allow":["GET"]}}],"collection":[{"href":"https:\/\/www.neharada.az\/ru\/wp-json\/wp\/v2\/pages"}],"about":[{"href":"https:\/\/www.neharada.az\/ru\/wp-json\/wp\/v2\/types\/page"}],"author":[{"embeddable":true,"href":"https:\/\/www.neharada.az\/ru\/wp-json\/wp\/v2\/users\/1"}],"replies":[{"embeddable":true,"href":"https:\/\/www.neharada.az\/ru\/wp-json\/wp\/v2\/comments?post=18060"}],"version-history":[{"count":0,"href":"https:\/\/www.neharada.az\/ru\/wp-json\/wp\/v2\/pages\/18060\/revisions"}],"wp:attachment":[{"href":"https:\/\/www.neharada.az\/ru\/wp-json\/wp\/v2\/media?parent=18060"}],"curies":[{"name":"wp","href":"https:\/\/api.w.org\/{rel}","templated":true}]}}