{"id":18027,"date":"2020-06-10T23:37:52","date_gmt":"2020-06-10T19:37:52","guid":{"rendered":"https:\/\/www.neharada.az\/haqqimizda\/"},"modified":"2021-08-19T01:03:54","modified_gmt":"2021-08-18T21:03:54","slug":"haqqimizda","status":"publish","type":"page","link":"https:\/\/www.neharada.az\/ru\/haqqimizda\/","title":{"rendered":"Haqq\u0131m\u0131zda"},"content":{"rendered":"<div class=\"wpb-content-wrapper\"><p>[vc_row][vc_column][vc_column_text]<iframe loading=\"lazy\" src=\"https:\/\/www.youtube.com\/embed\/XyPWf7cfIOM?autoplay=1&amp;rel=0&amp;showinfo=0\" width=\"100%\" height=\"450\" frameborder=\"0\" allowfullscreen=\"allowfullscreen\"><span data-mce-type=\"bookmark\" style=\"display: inline-block; width: 0px; overflow: hidden; line-height: 0;\" class=\"mce_SELRES_start\">\ufeff<\/span><\/iframe>[\/vc_column_text][\/vc_column][\/vc_row][vc_row][vc_column width=&#187;1\/2&#8243;][vc_column_text]<\/p>\n<h2><strong>N\u0130Y\u018f B\u0130Z? Bu saytda qeydiyyatdan ke\u00e7m\u0259kl\u0259 n\u0259l\u0259r \u0259ld\u0259 ed\u0259c\u0259y\u0259m?<\/strong><\/h2>\n<ul>\n<li><strong>GOOGLE RESURSLARINA \u0130NTEQRAS\u0130YA:<\/strong>\u00a0 Neharada.az sayt\u0131nda r\u0259smi olaraq yerl\u0259\u015f\u0259n h\u0259r bir m\u0259kan b\u00fct\u00fcn axtar\u0131\u015f motorlar\u0131na v\u0259 ba\u015fl\u0131ca olaraq GOOGLE il\u0259 inteqrasiya olmaqdad\u0131r.<\/li>\n<\/ul>\n<p>&nbsp;<\/p>\n<ul>\n<li><strong>SOS\u0130AL MED\u0130AYA \u0130NTEQRAS\u0130YA:<\/strong> Sizi m\u00fc\u015ft\u0259ril\u0259r\u0259 biz t\u0259qdim edirik. Sosial media resurslar\u0131nda (Instagram, Facebook, Twitter, Youtube v\u0259 s.) xidm\u0259tl\u0259rinizi v\u0259 ya i\u015fl\u0259rinizi h\u0259d\u0259f k\u00fctl\u0259niz\u0259 t\u0259qdim edirik.<\/li>\n<\/ul>\n<p>&nbsp;<\/p>\n<ul>\n<li><strong>S\u0130Z\u018f M\u018fXSUS S\u018fH\u0130F\u018f:\u00a0<\/strong>Sayt\u0131n\u0131z yoxdur? D\u0259rd etm\u0259yin. Siz\u0259 m\u0259xsus bir s\u0259hif\u0259ni bizim sayt\u0131m\u0131zda a\u00e7m\u0131\u015f olacaqs\u0131n\u0131z. Bel\u0259c\u0259 daha tez tap\u0131lma\u011f\u0131n\u0131z v\u0259 h\u0259m\u00e7inin xidm\u0259tl\u0259rinizi \u00f6z s\u0259hif\u0259nizd\u0259 KAMPAN\u0130YA ke\u00e7ir\u0259r\u0259k h\u0259r k\u0259s\u0259 t\u0259qdim ed\u0259 bil\u0259rsiniz.<\/li>\n<\/ul>\n<p>&nbsp;<\/p>\n<ul>\n<li><strong>ZAMANA Q\u018fNA\u018fT:<\/strong> Siz art\u0131q m\u00fc\u015ft\u0259rini deyil, m\u00fc\u015ft\u0259ri sizi xidm\u0259tl\u0259riniz \u00fczr\u0259 axtar\u0131b tapacaq. Bel\u0259c\u0259 h\u0259d\u0259f m\u00fc\u015ft\u0259ri il\u0259 \u00fcnsiyy\u0259td\u0259 olaraq zaman\u0131n\u0131zdan \u00c7OX B\u00d6Y\u00dcK Q\u018fNA\u018fT etmi\u015f olacaqs\u0131n\u0131z.<\/li>\n<\/ul>\n<p>&nbsp;<\/p>\n<ul>\n<li><strong>GEN\u0130\u015e AUD\u0130TOR\u0130YA:<\/strong>\u00a0 Sizin h\u0259d\u0259f k\u00fctl\u0259niz h\u0259r g\u00fcn sayt\u0131m\u0131z\u0131 ziyar\u0259t edir. Neharada.az sayt\u0131 spesifikasiyas\u0131na g\u00f6r\u0259 olduqca r\u0259\u011fb\u0259t g\u00f6r\u0259n bir \u00fcnvand\u0131r. Ayda ortalama olaraq 30 min f\u0259rqli m\u00fc\u015ft\u0259ri, 90 min s\u0259hif\u0259y\u0259 q\u0259d\u0259r bax\u0131\u015f, 900 mind\u0259n art\u0131q Google n\u0259tic\u0259sind\u0259 tap\u0131lma il\u0259 \u00e7ox geni\u015f auiditoriyaya malikdir.<\/li>\n<\/ul>\n<p>&nbsp;<\/p>\n<ul>\n<li><strong>MOB\u0130L V\u018f MOB\u0130L\u018f UY\u011eUN VERS\u0130YA:\u00a0<\/strong>Sayt\u0131m\u0131z\u0131n h\u0259r n\u00f6v cihazlar il\u0259 d\u00fczg\u00fcn formada i\u015fl\u0259m\u0259 x\u00fcsusiyy\u0259ti say\u0259sind\u0259 \u0259sla m\u0259lumat\u0131n\u0131z \u0259ksik qalmadan m\u00fc\u015ft\u0259riniz\u0259 \u00e7atd\u0131r\u0131lacaqd\u0131r. Bundan \u0259lav\u0259 Android telefonlar \u00fc\u00e7\u00fcn d\u0259 mobile t\u0259tbiqimiz m\u00f6vcuddur.<\/li>\n<\/ul>\n<p>&nbsp;<\/p>\n<ul>\n<li><strong>YAXINIMDAKI M\u018fKANLAR: <\/strong>H\u0259r hans\u0131 bir kateqoriya \u00fczr\u0259 geni\u015f xidm\u0259t g\u00f6st\u0259r\u0259n \u015firk\u0259tl\u0259rin \u00e7oxlu\u011fu \u0259slind\u0259 b\u00f6y\u00fck bir m\u00fcsb\u0259t hald\u0131r. \u0130st\u0259nil\u0259n kateqoriya \u00fczr\u0259 GeoLocation (Yax\u0131n\u0131mda) xidm\u0259tind\u0259n istifad\u0259 edil\u0259r\u0259k istifad\u0259\u00e7il\u0259r \u00f6zl\u0259rin\u0259 yax\u0131n olan m\u0259kan\u0131 se\u00e7ib xidm\u0259tind\u0259n yararlanmaqdad\u0131rlar.<\/li>\n<\/ul>\n<p>&nbsp;<\/p>\n<ul>\n<li><strong>PARTNYORLUQ: <\/strong>Neharada.az istifad\u0259\u00e7il\u0259rin\u0259 xidm\u0259tinizd\u0259n x\u00fcsusi g\u00fcz\u0259\u015ftl\u0259rl\u0259 yararlanmas\u0131 xidm\u0259tind\u0259n b\u0259hr\u0259l\u0259n\u0259c\u0259ksiniz. Bel\u0259c\u0259 daha geni\u015f istifad\u0259\u00e7i k\u00fctl\u0259si Sizin t\u0259klifl\u0259rinizd\u0259n x\u0259b\u0259rdar olacaqd\u0131r.<\/li>\n<\/ul>\n<p>[\/vc_column_text][\/vc_column][vc_column width=&#187;1\/2&#8243;][vc_column_text]<\/p>\n<h2>NeHarada.az sayt\u0131nda Reklam imkanlar\u0131:<\/h2>\n<ul>\n<li>Neharada.az istifad\u0259\u00e7il\u0259rin\u0259 \u00f6z\u0259l endirimli xidm\u0259t t\u0259qdim ed\u0259r\u0259k xidm\u0259tin daha geni\u015f k\u00fctl\u0259y\u0259 s\u00fcr\u0259tl\u0259 elan edilm\u0259si,<\/li>\n<li>M\u0259qal\u0259, Banner reklamlar\u0131 il\u0259 daha inand\u0131r\u0131c\u0131l\u0131q,<\/li>\n<li>Partnyor olaraq qeydiyyatdan ke\u00e7mi\u015f minl\u0259rl\u0259 istifad\u0259\u00e7iy\u0259 \u00e7atd\u0131r\u0131lma,<\/li>\n<li>Siz\u0259 \u00f6z\u0259l kampaniyalar\u0131n t\u0259\u015fkili,<\/li>\n<li>M\u0259kan\u0131n\u0131z\u0131 \u00f6n s\u0131ralarda \u00e7\u0131xarma imkan\u0131 (Se\u00e7ilmi\u015f m\u0259kan),<\/li>\n<li>Video t\u0259qdimat\u0131n \u00e7\u0259kilm\u0259si v\u0259 montaj\u0131.<\/li>\n<\/ul>\n<p>[\/vc_column_text]\n<div class=\"wpcf7 no-js\" id=\"wpcf7-f1821-o1\" lang=\"az\" dir=\"ltr\" data-wpcf7-id=\"1821\">\n<div class=\"screen-reader-response\"><p role=\"status\" aria-live=\"polite\" aria-atomic=\"true\"><\/p> <ul><\/ul><\/div>\n<form action=\"\/ru\/wp-json\/wp\/v2\/pages\/18027#wpcf7-f1821-o1\" method=\"post\" class=\"wpcf7-form init\" aria-label=\"Contact form\" novalidate=\"novalidate\" data-status=\"init\">\n<fieldset class=\"hidden-fields-container\"><input type=\"hidden\" name=\"_wpcf7\" value=\"1821\" \/><input type=\"hidden\" name=\"_wpcf7_version\" value=\"6.1.5\" \/><input type=\"hidden\" name=\"_wpcf7_locale\" value=\"az\" \/><input type=\"hidden\" name=\"_wpcf7_unit_tag\" value=\"wpcf7-f1821-o1\" \/><input type=\"hidden\" name=\"_wpcf7_container_post\" value=\"0\" \/><input type=\"hidden\" name=\"_wpcf7_posted_data_hash\" value=\"\" \/><input type=\"hidden\" name=\"_wpcf7_recaptcha_response\" value=\"\" \/>\n<\/fieldset>\n<p>Ad v\u0259 Soyad\n<\/p>\n<p><span class=\"wpcf7-form-control-wrap\" data-name=\"your-name\"><input size=\"40\" maxlength=\"400\" class=\"wpcf7-form-control wpcf7-text wpcf7-validates-as-required\" aria-required=\"true\" aria-invalid=\"false\" value=\"\" type=\"text\" name=\"your-name\" \/><\/span>\n<\/p>\n<p>Email\n<\/p>\n<p><span class=\"wpcf7-form-control-wrap\" data-name=\"your-email\"><input size=\"40\" maxlength=\"400\" class=\"wpcf7-form-control wpcf7-email wpcf7-validates-as-required wpcf7-text wpcf7-validates-as-email\" aria-required=\"true\" aria-invalid=\"false\" value=\"\" type=\"email\" name=\"your-email\" \/><\/span>\n<\/p>\n<p>Telefon\n<\/p>\n<p><span class=\"wpcf7-form-control-wrap\" data-name=\"telefon\"><input size=\"40\" maxlength=\"400\" class=\"wpcf7-form-control wpcf7-tel wpcf7-validates-as-required wpcf7-text wpcf7-validates-as-tel\" aria-required=\"true\" aria-invalid=\"false\" value=\"+994\" type=\"tel\" name=\"telefon\" \/><\/span>\n<\/p>\n<p>M\u00f6vzu : <span class=\"wpcf7-form-control-wrap\" data-name=\"movzu\"><select class=\"wpcf7-form-control wpcf7-select wpcf7-validates-as-required\" aria-required=\"true\" aria-invalid=\"false\" name=\"movzu\"><option value=\"\">&#8212;Please choose an option&#8212;<\/option><option value=\"T\u0259klifim var\">T\u0259klifim var<\/option><option value=\"\u015eikay\u0259tim var\">\u015eikay\u0259tim var<\/option><option value=\"Reklam verm\u0259k ist\u0259yir\u0259m\">Reklam verm\u0259k ist\u0259yir\u0259m<\/option><option value=\"\u00dcmumi\">\u00dcmumi<\/option><\/select><\/span>\n<\/p>\n<p>Mesaj\n<\/p>\n<p><span class=\"wpcf7-form-control-wrap\" data-name=\"your-message\"><textarea cols=\"40\" rows=\"10\" maxlength=\"2000\" class=\"wpcf7-form-control wpcf7-textarea wpcf7-validates-as-required\" aria-required=\"true\" aria-invalid=\"false\" name=\"your-message\"><\/textarea><\/span>\n<\/p>\n<p style=\"float:left;\"><input class=\"wpcf7-form-control wpcf7-submit has-spinner\" type=\"submit\" value=\"G\u00f6nd\u0259r\" \/>\n<\/p>\n<p><span style=\"font-size:12px;\">Qeyd: B\u00fct\u00fcn sah\u0259l\u0259ri doldurmaq m\u0259cburidir.<\/span>\n<\/p><p style=\"display: none !important;\" class=\"akismet-fields-container\" data-prefix=\"_wpcf7_ak_\"><label>&#916;<textarea name=\"_wpcf7_ak_hp_textarea\" cols=\"45\" rows=\"8\" maxlength=\"100\"><\/textarea><\/label><input type=\"hidden\" id=\"ak_js_1\" name=\"_wpcf7_ak_js\" value=\"86\"\/><script>document.getElementById( \"ak_js_1\" ).setAttribute( \"value\", ( new Date() ).getTime() );<\/script><\/p><div class=\"wpcf7-response-output\" aria-hidden=\"true\"><\/div>\n<\/form>\n<\/div>\n[\/vc_column][\/vc_row]<\/p>\n<\/div>","protected":false},"excerpt":{"rendered":"<p>[vc_row][vc_column][vc_column_text]\ufeff[\/vc_column_text][\/vc_column][\/vc_row][vc_row][vc_column width=&#187;1\/2&#8243;][vc_column_text] N\u0130Y\u018f B\u0130Z? Bu saytda qeydiyyatdan ke\u00e7m\u0259kl\u0259 n\u0259l\u0259r \u0259ld\u0259 ed\u0259c\u0259y\u0259m? GOOGLE RESURSLARINA \u0130NTEQRAS\u0130YA:\u00a0 Neharada.az sayt\u0131nda r\u0259smi olaraq yerl\u0259\u015f\u0259n h\u0259r [&hellip;]<\/p>\n","protected":false},"author":1,"featured_media":0,"parent":0,"menu_order":0,"comment_status":"closed","ping_status":"closed","template":"","meta":{"_bos_mb_destination":[],"footnotes":""},"class_list":["post-18027","page","type-page","status-publish","hentry"],"_links":{"self":[{"href":"https:\/\/www.neharada.az\/ru\/wp-json\/wp\/v2\/pages\/18027","targetHints":{"allow":["GET"]}}],"collection":[{"href":"https:\/\/www.neharada.az\/ru\/wp-json\/wp\/v2\/pages"}],"about":[{"href":"https:\/\/www.neharada.az\/ru\/wp-json\/wp\/v2\/types\/page"}],"author":[{"embeddable":true,"href":"https:\/\/www.neharada.az\/ru\/wp-json\/wp\/v2\/users\/1"}],"replies":[{"embeddable":true,"href":"https:\/\/www.neharada.az\/ru\/wp-json\/wp\/v2\/comments?post=18027"}],"version-history":[{"count":0,"href":"https:\/\/www.neharada.az\/ru\/wp-json\/wp\/v2\/pages\/18027\/revisions"}],"wp:attachment":[{"href":"https:\/\/www.neharada.az\/ru\/wp-json\/wp\/v2\/media?parent=18027"}],"curies":[{"name":"wp","href":"https:\/\/api.w.org\/{rel}","templated":true}]}}