{"id":18000,"date":"2014-07-17T04:10:24","date_gmt":"2014-07-16T23:10:24","guid":{"rendered":"https:\/\/www.neharada.az\/home\/"},"modified":"2021-08-19T01:01:20","modified_gmt":"2021-08-18T21:01:20","slug":"home","status":"publish","type":"page","link":"https:\/\/www.neharada.az\/ru\/","title":{"rendered":"Ana s\u0259hif\u0259"},"content":{"rendered":"<div class=\"wpb-content-wrapper\"><p>[vc_row css_animation=&#187;none&#187;][vc_column offset=&#187;vc_hidden-md vc_hidden-sm vc_hidden-xs&#187;][vc_row_inner][vc_column_inner width=&#187;1\/3&#8243;][rev_slider_vc alias=&#187;turizm-home&#187;][\/vc_column_inner][vc_column_inner width=&#187;1\/3&#8243;][rev_slider_vc alias=&#187;doktor-home&#187;][\/vc_column_inner][vc_column_inner width=&#187;1\/3&#8243;][rev_slider_vc alias=&#187;logoza&#187;][\/vc_column_inner][\/vc_row_inner][\/vc_column][\/vc_row][vc_row css_animation=&#187;none&#187;][vc_column][vc_widget_sidebar sidebar_id=&#187;qaynar&#187;][de_areas_block title=&#187;\u00c7OX AXTARILAN \u015e\u018fH\u018fRL\u018fR&#187; style=&#187;horizontal&#187; number=&#187;3&#8243; count=&#187;1&#8243; hide_empty=&#187;1&#8243; orderby=&#187;count&#187; include=&#187;105,128,158&#8243;][\/vc_column][\/vc_row][vc_row css_animation=&#187;none&#187;][vc_column][vc_row_inner][vc_column_inner css=&#187;.vc_custom_1526721622247{margin-top: 20px !important;}&#187;][rev_slider_vc alias=&#187;fenstar&#187;][\/vc_column_inner][\/vc_row_inner][\/vc_column][\/vc_row][vc_row][vc_column width=&#187;3\/4&#8243;][de_place_block title=&#187;SON \u018fLAV\u018fL\u018fR&#187; style=&#187;horizontal&#187; showposts=&#187;12&#8243;][de_place_block title=&#187;END\u0130R\u0130ML\u0130 M\u018fKANLAR&#187; order=&#187;rand&#187; place_category=&#187;partner&#187; style=&#187;horizontal&#187; showposts=&#187;4&#8243; paginate=&#187;page&#187;][\/vc_column][vc_column width=&#187;1\/4&#8243;][de_category_block title=&#187;Kateqoriyalar&#187; number=&#187;20&#8243; style=&#187;horizontal&#187; count=&#187;1&#8243; hide_empty=&#187;0&#8243;][vc_single_image image=&#187;9044&#8243; img_size=&#187;full&#187; onclick=&#187;custom_link&#187; css_animation=&#187;fadeInUp&#187; link=&#187;https:\/\/play.google.com\/store\/apps\/details?id=az.neharada.places&#187; css=&#187;.vc_custom_1516290593373{margin-top: 15px !important;}&#187;][\/vc_column][\/vc_row][vc_row][vc_column width=&#187;3\/4&#8243;][de_place_block title=&#187;B\u00dcT\u00dcN M\u018fKANLAR&#187; style=&#187;horizontal&#187; showposts=&#187;8&#8243; paginate=&#187;load_more&#187;][\/vc_column][vc_column width=&#187;1\/4&#8243;][vc_text_separator title=&#187;B\u0130ZNES X\u018fB\u018fRL\u018fR\u0130 \/ BLOQ&#187; title_align=&#187;separator_align_left&#187;][vc_basic_grid post_type=&#187;post&#187; max_items=&#187;10&#8243; style=&#187;load-more&#187; items_per_page=&#187;2&#8243; element_width=&#187;12&#8243; item=&#187;15586&#8243; btn_title=&#187;daha \u00e7ox..&#187; grid_id=&#187;vc_gid:1585593907682-9c4e017661baa775c9545e503c62715d-10&#8243; taxonomies=&#187;50&#8243;][\/vc_column][\/vc_row]<\/p>\n<\/div>","protected":false},"excerpt":{"rendered":"<p>[vc_row css_animation=&#187;none&#187;][vc_column offset=&#187;vc_hidden-md vc_hidden-sm vc_hidden-xs&#187;][vc_row_inner][vc_column_inner width=&#187;1\/3&#8243;][rev_slider_vc alias=&#187;turizm-home&#187;][\/vc_column_inner][vc_column_inner width=&#187;1\/3&#8243;][rev_slider_vc alias=&#187;doktor-home&#187;][\/vc_column_inner][vc_column_inner width=&#187;1\/3&#8243;][rev_slider_vc alias=&#187;logoza&#187;][\/vc_column_inner][\/vc_row_inner][\/vc_column][\/vc_row][vc_row css_animation=&#187;none&#187;][vc_column][vc_widget_sidebar sidebar_id=&#187;qaynar&#187;][de_areas_block title=&#187;\u00c7OX AXTARILAN \u015e\u018fH\u018fRL\u018fR&#187; style=&#187;horizontal&#187; number=&#187;3&#8243; count=&#187;1&#8243; hide_empty=&#187;1&#8243; [&hellip;]<\/p>\n","protected":false},"author":1,"featured_media":0,"parent":0,"menu_order":0,"comment_status":"closed","ping_status":"closed","template":"page-front.php","meta":{"_bos_mb_destination":[],"footnotes":""},"class_list":["post-18000","page","type-page","status-publish","hentry"],"_links":{"self":[{"href":"https:\/\/www.neharada.az\/ru\/wp-json\/wp\/v2\/pages\/18000","targetHints":{"allow":["GET"]}}],"collection":[{"href":"https:\/\/www.neharada.az\/ru\/wp-json\/wp\/v2\/pages"}],"about":[{"href":"https:\/\/www.neharada.az\/ru\/wp-json\/wp\/v2\/types\/page"}],"author":[{"embeddable":true,"href":"https:\/\/www.neharada.az\/ru\/wp-json\/wp\/v2\/users\/1"}],"replies":[{"embeddable":true,"href":"https:\/\/www.neharada.az\/ru\/wp-json\/wp\/v2\/comments?post=18000"}],"version-history":[{"count":0,"href":"https:\/\/www.neharada.az\/ru\/wp-json\/wp\/v2\/pages\/18000\/revisions"}],"wp:attachment":[{"href":"https:\/\/www.neharada.az\/ru\/wp-json\/wp\/v2\/media?parent=18000"}],"curies":[{"name":"wp","href":"https:\/\/api.w.org\/{rel}","templated":true}]}}