{"id":18029,"date":"2020-01-30T16:21:34","date_gmt":"2020-01-30T12:21:34","guid":{"rendered":"https:\/\/www.neharada.az\/doktor-elave\/"},"modified":"2021-08-19T01:06:43","modified_gmt":"2021-08-18T21:06:43","slug":"doktor-elave","status":"publish","type":"page","link":"https:\/\/www.neharada.az\/en\/doktor-elave\/","title":{"rendered":"Doktor \u018flav\u0259"},"content":{"rendered":"\n<div class=\"wpcf7 no-js\" id=\"wpcf7-f17516-o1\" lang=\"az\" dir=\"ltr\" data-wpcf7-id=\"17516\">\n<div class=\"screen-reader-response\"><p role=\"status\" aria-live=\"polite\" aria-atomic=\"true\"><\/p> <ul><\/ul><\/div>\n<form action=\"\/en\/wp-json\/wp\/v2\/pages\/18029#wpcf7-f17516-o1\" method=\"post\" class=\"wpcf7-form init\" aria-label=\"Contact form\" enctype=\"multipart\/form-data\" novalidate=\"novalidate\" data-status=\"init\">\n<fieldset class=\"hidden-fields-container\"><input type=\"hidden\" name=\"_wpcf7\" value=\"17516\" \/><input type=\"hidden\" name=\"_wpcf7_version\" value=\"6.1.5\" \/><input type=\"hidden\" name=\"_wpcf7_locale\" value=\"az\" \/><input type=\"hidden\" name=\"_wpcf7_unit_tag\" value=\"wpcf7-f17516-o1\" \/><input type=\"hidden\" name=\"_wpcf7_container_post\" value=\"0\" \/><input type=\"hidden\" name=\"_wpcf7_posted_data_hash\" value=\"\" \/><input type=\"hidden\" name=\"_wpcf7_recaptcha_response\" value=\"\" \/>\n<\/fieldset>\n<p><label> <span class=\"wpcf7-form-control-wrap\" data-name=\"ad\"><input size=\"40\" maxlength=\"400\" class=\"wpcf7-form-control wpcf7-text wpcf7-validates-as-required\" aria-required=\"true\" aria-invalid=\"false\" placeholder=\"Ad\" value=\"\" type=\"text\" name=\"ad\" \/><\/span><\/label><br \/>\n<label> <span class=\"wpcf7-form-control-wrap\" data-name=\"soyad\"><input size=\"40\" maxlength=\"400\" class=\"wpcf7-form-control wpcf7-text wpcf7-validates-as-required\" aria-required=\"true\" aria-invalid=\"false\" placeholder=\"Soyad\" value=\"\" type=\"text\" name=\"soyad\" \/><\/span><\/label>\n<\/p>\n<p><label><span class=\"wpcf7-form-control-wrap\" data-name=\"telefon\"><input size=\"40\" maxlength=\"400\" class=\"wpcf7-form-control wpcf7-tel wpcf7-validates-as-required wpcf7-text wpcf7-validates-as-tel\" aria-required=\"true\" aria-invalid=\"false\" placeholder=\"Telefon : 994\" value=\"\" type=\"tel\" name=\"telefon\" \/><\/span><\/label>\n<\/p>\n<p>Email \/ Social media hesablar\u0131\n<\/p>\n<p><label> <span class=\"wpcf7-form-control-wrap\" data-name=\"email\"><input size=\"40\" maxlength=\"400\" class=\"wpcf7-form-control wpcf7-email wpcf7-text wpcf7-validates-as-email\" aria-invalid=\"false\" placeholder=\"Email\" value=\"\" type=\"email\" name=\"email\" \/><\/span><\/label><br \/>\n<label> <span class=\"wpcf7-form-control-wrap\" data-name=\"fb\"><input size=\"40\" maxlength=\"400\" class=\"wpcf7-form-control wpcf7-text\" aria-invalid=\"false\" placeholder=\"Facebook\" value=\"\" type=\"text\" name=\"fb\" \/><\/span><\/label><br \/>\n<label> <span class=\"wpcf7-form-control-wrap\" data-name=\"insta\"><input size=\"40\" maxlength=\"400\" class=\"wpcf7-form-control wpcf7-text\" aria-invalid=\"false\" placeholder=\"Instagram\" value=\"\" type=\"text\" name=\"insta\" \/><\/span><\/label><br \/>\n<label> <span class=\"wpcf7-form-control-wrap\" data-name=\"youtube\"><input size=\"40\" maxlength=\"400\" class=\"wpcf7-form-control wpcf7-text\" aria-invalid=\"false\" placeholder=\"Youtube\" value=\"\" type=\"text\" name=\"youtube\" \/><\/span><\/label><br \/>\n<label> <span class=\"wpcf7-form-control-wrap\" data-name=\"twitter\"><input size=\"40\" maxlength=\"400\" class=\"wpcf7-form-control wpcf7-text\" aria-invalid=\"false\" placeholder=\"Twitter\" value=\"\" type=\"text\" name=\"twitter\" \/><\/span><\/label><br \/>\n<label> <span class=\"wpcf7-form-control-wrap\" data-name=\"diger\"><input size=\"40\" maxlength=\"400\" class=\"wpcf7-form-control wpcf7-text\" aria-invalid=\"false\" placeholder=\"dig\u0259r hesab..\" value=\"\" type=\"text\" name=\"diger\" \/><\/span><\/label>\n<\/p>\n<p><label> <span class=\"wpcf7-form-control-wrap\" data-name=\"ixtisas\"><input size=\"40\" maxlength=\"400\" class=\"wpcf7-form-control wpcf7-text wpcf7-validates-as-required\" aria-required=\"true\" aria-invalid=\"false\" placeholder=\"\u0130xtisas\u0131\" value=\"\" type=\"text\" name=\"ixtisas\" \/><\/span><\/label>\n<\/p>\n<p><label> T\u0259cr\u00fcb\u0259y\u0259 ba\u015flama ili: <span class=\"wpcf7-form-control-wrap\" data-name=\"tecrubeye-baslama\"><input class=\"wpcf7-form-control wpcf7-number wpcf7-validates-as-required wpcf7-validates-as-number\" min=\"1950\" max=\"2019\" aria-required=\"true\" aria-invalid=\"false\" value=\"\" type=\"number\" name=\"tecrubeye-baslama\" \/><\/span><\/label><br \/>\n<label> <span class=\"wpcf7-form-control-wrap\" data-name=\"qebulqiymeti\"><input size=\"40\" maxlength=\"400\" class=\"wpcf7-form-control wpcf7-text wpcf7-validates-as-required\" aria-required=\"true\" aria-invalid=\"false\" placeholder=\"Q\u0259bul qiym\u0259ti\" value=\"\" type=\"text\" name=\"qebulqiymeti\" \/><\/span><\/label>\n<\/p>\n<p><label>H\u0259kim haqq\u0131nda (2-3 c\u00fcml\u0259)<br \/>\n<span class=\"wpcf7-form-control-wrap\" data-name=\"hekim-haqqinda\"><textarea cols=\"40\" rows=\"10\" maxlength=\"2000\" class=\"wpcf7-form-control wpcf7-textarea\" aria-invalid=\"false\" placeholder=\"Klinikada v\u0259zif\u0259si, d\u0259r\u0259c\u0259si, dissertasiya m\u00fcdafi\u0259si, kitablar\u0131n v\u0259 ya m\u0259qal\u0259l\u0259rin m\u00fc\u0259llifi, m\u00fcalic\u0259 praktikas\u0131ndak\u0131 \u0259sas istiqam\u0259tl\u0259ri v\u0259 s.\" name=\"hekim-haqqinda\"><\/textarea><\/span><\/label>\n<\/p>\n<p><label>\u0130\u015f t\u0259cr\u00fcb\u0259si:<br \/>\n<span class=\"wpcf7-form-control-wrap\" data-name=\"is-tecrubesi\"><textarea cols=\"40\" rows=\"10\" maxlength=\"2000\" class=\"wpcf7-form-control wpcf7-textarea wpcf7-validates-as-required\" aria-required=\"true\" aria-invalid=\"false\" placeholder=\"N\u00fcmun\u0259:  2001-2005-ci ill\u0259r \u00abAnkara\u00bb \u2013  tibb m\u0259rk\u0259zi, kardioloq\" name=\"is-tecrubesi\"><\/textarea><\/span><\/label>\n<\/p>\n<p><label>T\u0259hsili:<br \/>\n<span class=\"wpcf7-form-control-wrap\" data-name=\"tehsili\"><textarea cols=\"40\" rows=\"10\" maxlength=\"2000\" class=\"wpcf7-form-control wpcf7-textarea wpcf7-validates-as-required\" aria-required=\"true\" aria-invalid=\"false\" placeholder=\"T\u0259hsil m\u00fc\u0259ssis\u0259sinin ad\u0131, fakult\u0259si, t\u0259hsil ald\u0131\u011f\u0131 ill\u0259r. \nN\u00fcmun\u0259: ATU, stomotologiya fak\u00fclt\u0259si, 2001-2005\" name=\"tehsili\"><\/textarea><\/span><\/label>\n<\/p>\n<p><label>Kurslar \/ Seminarlar:<br \/>\n<span class=\"wpcf7-form-control-wrap\" data-name=\"kurslar-seminarlar\"><textarea cols=\"40\" rows=\"10\" maxlength=\"2000\" class=\"wpcf7-form-control wpcf7-textarea\" aria-invalid=\"false\" placeholder=\"Kursun\/seminar\u0131n ilini, ad\u0131n\u0131 v\u0259 ke\u00e7irildiyi \u015f\u0259h\u0259rin, \u00f6lk\u0259nin ad\u0131. \nN\u00fcmun\u0259: \u00abYeni m\u00fcalic\u0259 \u00fcsullar\u0131\u00bb kursu, \u0130stanbul, 2015)\" name=\"kurslar-seminarlar\"><\/textarea><\/span><\/label>\n<\/p>\n<p><label>Prosedurlar haqq\u0131nda:<br \/>\n<span class=\"wpcf7-form-control-wrap\" data-name=\"prosedurlar\"><textarea cols=\"40\" rows=\"10\" maxlength=\"2000\" class=\"wpcf7-form-control wpcf7-textarea\" aria-invalid=\"false\" placeholder=\"T\u0259tbiq edil\u0259n prosedular\" name=\"prosedurlar\"><\/textarea><\/span><\/label>\n<\/p>\n<p><label>X\u0259st\u0259likl\u0259rin m\u00fcalic\u0259si:<br \/>\n<span class=\"wpcf7-form-control-wrap\" data-name=\"xesteliklerin-mualicesi\"><textarea cols=\"40\" rows=\"10\" maxlength=\"2000\" class=\"wpcf7-form-control wpcf7-textarea\" aria-invalid=\"false\" placeholder=\"M\u00fcalic\u0259 etdiyiniz x\u0259st\u0259likl\u0259r \u00fczr\u0259 haz\u0131r siyah\u0131n\u0131 ba\u015fqa yerd\u0259n d\u0259 k\u00f6\u00e7\u00fcr\u0259 bil\u0259rsiniz\" name=\"xesteliklerin-mualicesi\"><\/textarea><\/span><\/label>\n<\/p>\n<p><label> <span class=\"wpcf7-form-control-wrap\" data-name=\"hazirki-isyeri\"><input size=\"40\" maxlength=\"400\" class=\"wpcf7-form-control wpcf7-text\" aria-invalid=\"false\" placeholder=\"Haz\u0131rk\u0131 i\u015f yeri\" value=\"\" type=\"text\" name=\"hazirki-isyeri\" \/><\/span><\/label>\n<\/p>\n<p><label>U\u015faq h\u0259kimi: <span class=\"wpcf7-form-control-wrap\" data-name=\"usaq-hekimi\"><span class=\"wpcf7-form-control wpcf7-checkbox wpcf7-validates-as-required wpcf7-exclusive-checkbox\"><span class=\"wpcf7-list-item first\"><label><span class=\"wpcf7-list-item-label\">B\u0259li<\/span><input type=\"checkbox\" name=\"usaq-hekimi\" value=\"B\u0259li\" \/><\/label><\/span><span class=\"wpcf7-list-item last\"><label><span class=\"wpcf7-list-item-label\">Xeyr<\/span><input type=\"checkbox\" name=\"usaq-hekimi\" value=\"Xeyr\" \/><\/label><\/span><\/span><\/span><\/label><br \/>\n<label>Evind\u0259 q\u0259bul: <span class=\"wpcf7-form-control-wrap\" data-name=\"evinde-qebul\"><span class=\"wpcf7-form-control wpcf7-checkbox wpcf7-validates-as-required wpcf7-exclusive-checkbox\"><span class=\"wpcf7-list-item first\"><label><span class=\"wpcf7-list-item-label\">B\u0259li<\/span><input type=\"checkbox\" name=\"evinde-qebul\" value=\"B\u0259li\" \/><\/label><\/span><span class=\"wpcf7-list-item last\"><label><span class=\"wpcf7-list-item-label\">Xeyr<\/span><input type=\"checkbox\" name=\"evinde-qebul\" value=\"Xeyr\" \/><\/label><\/span><\/span><\/span><\/label>\n<\/p>\n<p><label>\u018flav\u0259l\u0259riniz<br \/>\n<span class=\"wpcf7-form-control-wrap\" data-name=\"elaveleriniz\"><textarea cols=\"40\" rows=\"10\" maxlength=\"2000\" class=\"wpcf7-form-control wpcf7-textarea\" aria-invalid=\"false\" placeholder=\"\u018flav\u0259 etm\u0259k ist\u0259dikl\u0259riniz varsa qeyd edin\" name=\"elaveleriniz\"><\/textarea><\/span> <\/label>\n<\/p>\n<p><label>\u015e\u0259kil y\u00fckl\u0259 (sad\u0259c\u0259: jpg\/png \/ maksimum: 500kb) <span class=\"wpcf7-form-control-wrap\" data-name=\"sekili\"><input size=\"40\" class=\"wpcf7-form-control wpcf7-file wpcf7-validates-as-required\" accept=\".jpg,.png\" aria-required=\"true\" aria-invalid=\"false\" type=\"file\" name=\"sekili\" \/><\/span><\/label>\n<\/p>\n<p><label><span class=\"wpcf7-form-control-wrap\" data-name=\"tesdiq\"><span class=\"wpcf7-form-control wpcf7-acceptance\"><span class=\"wpcf7-list-item\"><label><input type=\"checkbox\" name=\"tesdiq\" value=\"1\" aria-invalid=\"false\" \/><span class=\"wpcf7-list-item-label\">M\u0259lumatlar\u0131m\u0131n do\u011frulu\u011funu t\u0259sdiq edir v\u0259 Neharada.az sayt\u0131nda yay\u0131mlanmas\u0131 q\u0259bul edir\u0259m.<\/span><\/label><\/span><\/span><\/span><\/label>\n<\/p>\n<p><input class=\"wpcf7-form-control wpcf7-submit has-spinner\" type=\"submit\" value=\"G\u00f6nd\u0259r\" \/>\n<\/p><p style=\"display: none !important;\" class=\"akismet-fields-container\" data-prefix=\"_wpcf7_ak_\"><label>&#916;<textarea name=\"_wpcf7_ak_hp_textarea\" cols=\"45\" rows=\"8\" maxlength=\"100\"><\/textarea><\/label><input type=\"hidden\" id=\"ak_js_1\" name=\"_wpcf7_ak_js\" value=\"229\"\/><script>document.getElementById( \"ak_js_1\" ).setAttribute( \"value\", ( new Date() ).getTime() );<\/script><\/p><div class=\"wpcf7-response-output\" aria-hidden=\"true\"><\/div>\n<\/form>\n<\/div>\n\n","protected":false},"excerpt":{"rendered":"Email \/ Social media hesablar\u0131 T\u0259cr\u00fcb\u0259y\u0259 ba\u015flama ili: H\u0259kim haqq\u0131nda (2-3 c\u00fcml\u0259) \u0130\u015f t\u0259cr\u00fcb\u0259si: T\u0259hsili: Kurslar \/ Seminarlar: Prosedurlar haqq\u0131nda: [...]","protected":false},"author":1,"featured_media":0,"parent":0,"menu_order":0,"comment_status":"closed","ping_status":"closed","template":"","meta":{"_bos_mb_destination":[],"footnotes":""},"class_list":["post-18029","page","type-page","status-publish","hentry"],"_links":{"self":[{"href":"https:\/\/www.neharada.az\/en\/wp-json\/wp\/v2\/pages\/18029","targetHints":{"allow":["GET"]}}],"collection":[{"href":"https:\/\/www.neharada.az\/en\/wp-json\/wp\/v2\/pages"}],"about":[{"href":"https:\/\/www.neharada.az\/en\/wp-json\/wp\/v2\/types\/page"}],"author":[{"embeddable":true,"href":"https:\/\/www.neharada.az\/en\/wp-json\/wp\/v2\/users\/1"}],"replies":[{"embeddable":true,"href":"https:\/\/www.neharada.az\/en\/wp-json\/wp\/v2\/comments?post=18029"}],"version-history":[{"count":0,"href":"https:\/\/www.neharada.az\/en\/wp-json\/wp\/v2\/pages\/18029\/revisions"}],"wp:attachment":[{"href":"https:\/\/www.neharada.az\/en\/wp-json\/wp\/v2\/media?parent=18029"}],"curies":[{"name":"wp","href":"https:\/\/api.w.org\/{rel}","templated":true}]}}